{"id":594,"date":"2014-07-15T15:11:24","date_gmt":"2014-07-15T13:11:24","guid":{"rendered":"http:\/\/accbat.eu\/?page_id=594"},"modified":"2014-07-15T15:11:24","modified_gmt":"2014-07-15T13:11:24","slug":"le-projet","status":"publish","type":"page","link":"https:\/\/accbat.eu\/fr\/le-projet\/","title":{"rendered":"Le projet"},"content":{"rendered":"<p><strong>Quelques informations de base sur le projet <\/strong><\/p>\n<p><strong><em>Priorit\u00e9 et le sujet:<\/em><\/strong><\/p>\n<p>ACCBAT est un projet strat\u00e9gique au sein du programme UE IEVP CTMED sous :<\/p>\n<p>-Priorit\u00e9 2: Promotion de la durabilit\u00e9 environnementale au niveau du bassin<\/p>\n<p>-Sujet 2.1: Gestion de l&rsquo;eau<\/p>\n<p>&nbsp;<\/p>\n<p>B\u00e9n\u00e9ficiaire: ICU &#8211; Institut pour la Coop\u00e9ration Universitaire &#8211; ONLUS (Italie, Lazio)<\/p>\n<p>Partenariat:<\/p>\n<p>1. Centre National de Recherche et de Vulgarisation Agricole (NCARE, Jordanie)<\/p>\n<p>2. Minist\u00e8re de l\u2019Agriculture Libanais (MoA, Liban)<\/p>\n<p>3. Minist\u00e8re de l\u2019Agriculture Tunisien (DG GREE, MoA, Tunisie)<\/p>\n<p>4. Autorit\u00e9 du Bassin du fleuve Po (AdbPO, Italie)<\/p>\n<p>&nbsp;<\/p>\n<p>Dur\u00e9e du projet: 36 mois (D\u00e9cembre 2012 &#8211; D\u00e9cembre 2015)<\/p>\n<p>Budget du projet: \u20ac 4.998.952 (90% financ\u00e9 par UE IEVP CTMED)<\/p>\n<p><strong>\u00a0<\/strong><\/p>\n<p><strong>Objectifs sp\u00e9cifiques du projet <\/strong><\/p>\n<p>Am\u00e9liorer la gestion de la demande en eau et assurer les besoins en eau du secteur agricole \u00e0 l&rsquo;\u00e9chelle r\u00e9gionale par:<\/p>\n<p>&#8211;\u00a0\u00a0\u00a0\u00a0\u00a0\u00a0\u00a0\u00a0\u00a0 accroissement de l&rsquo;efficience de l&rsquo;utilisation de l&rsquo;eau,<\/p>\n<p>&#8211;\u00a0\u00a0\u00a0\u00a0\u00a0\u00a0\u00a0\u00a0\u00a0 accroissement de l\u2019utilisation des eaux us\u00e9es trait\u00e9es (EUT) en agriculture,<\/p>\n<p>&#8211;\u00a0\u00a0\u00a0\u00a0\u00a0\u00a0\u00a0\u00a0\u00a0 r\u00e9duction des impacts n\u00e9fastes sur l&rsquo;environnement,<\/p>\n<p>&nbsp;<\/p>\n<p>bas\u00e9 sur<\/p>\n<ul>\n<ul>\n<li>le transfert de technologie,<\/li>\n<li>la formation sur les Meilleures Pratiques Agricoles.<\/li>\n<\/ul>\n<\/ul>\n<p><strong>\u00a0<\/strong><\/p>\n<p><strong>Contexte &#8211; Les probl\u00e8mes majeurs d\u00e9tect\u00e9s par les partenaires du projet:<\/strong><\/p>\n<ul>\n<li>Les trois pays ont r\u00e9cemment investi dans les stations d&rsquo;\u00e9puration des eaux us\u00e9es sur une grande \u00e9chelle, mais la r\u00e9utilisation des eaux us\u00e9es trait\u00e9es dans l&rsquo;irrigation est rest\u00e9e faible pour des raisons de qualit\u00e9.<\/li>\n<\/ul>\n<ul>\n<li>Les m\u00e9thodes d&rsquo;irrigation actuellement utilis\u00e9es dans les zones cibles ne sont pas efficaces (irrigation de surface ou par aspersion) et souvent g\u00e9n\u00e8rent un gaspillage de l&rsquo;eau (irrigation localis\u00e9e),<\/li>\n<\/ul>\n<ul>\n<li>Les m\u00e9thodes de production ne permettent pas une \u00e9conomie d&rsquo;eau et ne suivent pas les Meilleures Pratiques Agricoles.<\/li>\n<\/ul>\n<ul>\n<li>La coop\u00e9ration r\u00e9gionale, \u00e0 l\u2019\u00e9chelle de la M\u00e9diterran\u00e9e, entre les institutions partenaires sur l&rsquo;utilisation des eaux us\u00e9es trait\u00e9es et la mise en r\u00e9seau avec les instituts de recherche avanc\u00e9s en Europe n&rsquo;existe pas actuellement.<\/li>\n<\/ul>\n<ul>\n<li>Les pr\u00e9occupations principales des agriculteurs sont li\u00e9es \u00e0 la diminution des revenus \u00e0 cause de plusieurs facteurs:<\/li>\n<\/ul>\n<ul>\n<li>baisse de la production en raison du manque d&rsquo;efficacit\u00e9 du pilotage d\u2019irrigation, de la p\u00e9nurie et de la distribution irr\u00e9guli\u00e8re de l&rsquo;eau,<\/li>\n<li>le manque de savoir-faire sur les m\u00e9thodes de production et de protection y compris l&rsquo;utilisation des eaux us\u00e9es trait\u00e9es.<\/li>\n<\/ul>\n<p><strong><br \/>\n<\/strong><\/p>\n<p><strong>Les groupes cibles <\/strong><\/p>\n<p>Le personnel des institutions partenaires locales<\/p>\n<p>Les m\u00e9nages d&rsquo;agriculteurs dans les zones cibles<\/p>\n<p>Les services de gestion et de vulgarisation des institutions partenaires locales<\/p>\n<p>La population locale<\/p>\n","protected":false},"excerpt":{"rendered":"<p>Quelques informations de base sur le projet Priorit\u00e9 et le sujet: ACCBAT est un projet strat\u00e9gique au sein du programme UE IEVP CTMED sous :&#8230;<\/p>\n","protected":false},"author":1,"featured_media":0,"parent":0,"menu_order":0,"comment_status":"closed","ping_status":"closed","template":"","meta":{"_acf_changed":false,"footnotes":""},"class_list":["post-594","page","type-page","status-publish","hentry"],"acf":[],"_links":{"self":[{"href":"https:\/\/accbat.eu\/fr\/wp-json\/wp\/v2\/pages\/594","targetHints":{"allow":["GET"]}}],"collection":[{"href":"https:\/\/accbat.eu\/fr\/wp-json\/wp\/v2\/pages"}],"about":[{"href":"https:\/\/accbat.eu\/fr\/wp-json\/wp\/v2\/types\/page"}],"author":[{"embeddable":true,"href":"https:\/\/accbat.eu\/fr\/wp-json\/wp\/v2\/users\/1"}],"replies":[{"embeddable":true,"href":"https:\/\/accbat.eu\/fr\/wp-json\/wp\/v2\/comments?post=594"}],"version-history":[{"count":1,"href":"https:\/\/accbat.eu\/fr\/wp-json\/wp\/v2\/pages\/594\/revisions"}],"predecessor-version":[{"id":595,"href":"https:\/\/accbat.eu\/fr\/wp-json\/wp\/v2\/pages\/594\/revisions\/595"}],"wp:attachment":[{"href":"https:\/\/accbat.eu\/fr\/wp-json\/wp\/v2\/media?parent=594"}],"curies":[{"name":"wp","href":"https:\/\/api.w.org\/{rel}","templated":true}]}}