{"id":596,"date":"2014-07-15T15:12:21","date_gmt":"2014-07-15T13:12:21","guid":{"rendered":"http:\/\/accbat.eu\/?page_id=596"},"modified":"2014-07-15T15:12:21","modified_gmt":"2014-07-15T13:12:21","slug":"activite-1","status":"publish","type":"page","link":"https:\/\/accbat.eu\/fr\/le-projet\/activite-1\/","title":{"rendered":"Activit\u00e9 1"},"content":{"rendered":"<p>Augmentation de l\u2019efficience de l\u2019utilisation de l&rsquo;eau et de la disponibilit\u00e9 des ressources en eau conventionnelles gr\u00e2ce \u00e0 l&rsquo;utilisation des eaux us\u00e9es trait\u00e9es dans les cultures irrigu\u00e9es.<\/p>\n<ol>\n<li>Introduction de syst\u00e8mes innovateurs d\u2019irrigation localis\u00e9e, qui permettent une efficience de l\u2019utilisation de l&rsquo;eau et une durabilit\u00e9 \u00e9cologique, compos\u00e9 de pompe et lignes de goutteurs avec une filtration efficace et une unit\u00e9 de fertigation, et des installations de stockage de l&rsquo;eau<\/li>\n<li>Utilisation accrue des eaux us\u00e9es trait\u00e9es en tant que source d&rsquo;eau d&rsquo;irrigation<\/li>\n<li>Introduction de techniques de production suivant les meilleures pratiques agricoles<\/li>\n<\/ol>\n<p>&nbsp;<\/p>\n<p><strong>R\u00e9sultats attendus:<\/strong><\/p>\n<ul>\n<li>90 fermes pilotes \u00e9tablis (30 \/pays)<\/li>\n<li>60 bassins de stockage d\u2019eau \u00e9tablis avec un volume total de 48.000m3 (20\/pays)<\/li>\n<li>Augmentation de l\u2019utilisation des EUT dans les cultures irrigu\u00e9es et de l\u2019efficience de l\u2019utilisation de l\u2019eau de 30%<\/li>\n<li>Diminution de l\u2019utilisation des engrais et des pesticides de 30%<\/li>\n<li>Augmentation des revenus des agriculteurs de 15%<\/li>\n<\/ul>\n<p>&nbsp;<\/p>\n","protected":false},"excerpt":{"rendered":"<p>Augmentation de l\u2019efficience de l\u2019utilisation de l&rsquo;eau et de la disponibilit\u00e9 des ressources en eau conventionnelles gr\u00e2ce \u00e0 l&rsquo;utilisation des eaux us\u00e9es trait\u00e9es dans les&#8230;<\/p>\n","protected":false},"author":1,"featured_media":0,"parent":594,"menu_order":0,"comment_status":"closed","ping_status":"closed","template":"","meta":{"_acf_changed":false,"footnotes":""},"class_list":["post-596","page","type-page","status-publish","hentry"],"acf":[],"_links":{"self":[{"href":"https:\/\/accbat.eu\/fr\/wp-json\/wp\/v2\/pages\/596","targetHints":{"allow":["GET"]}}],"collection":[{"href":"https:\/\/accbat.eu\/fr\/wp-json\/wp\/v2\/pages"}],"about":[{"href":"https:\/\/accbat.eu\/fr\/wp-json\/wp\/v2\/types\/page"}],"author":[{"embeddable":true,"href":"https:\/\/accbat.eu\/fr\/wp-json\/wp\/v2\/users\/1"}],"replies":[{"embeddable":true,"href":"https:\/\/accbat.eu\/fr\/wp-json\/wp\/v2\/comments?post=596"}],"version-history":[{"count":1,"href":"https:\/\/accbat.eu\/fr\/wp-json\/wp\/v2\/pages\/596\/revisions"}],"predecessor-version":[{"id":597,"href":"https:\/\/accbat.eu\/fr\/wp-json\/wp\/v2\/pages\/596\/revisions\/597"}],"up":[{"embeddable":true,"href":"https:\/\/accbat.eu\/fr\/wp-json\/wp\/v2\/pages\/594"}],"wp:attachment":[{"href":"https:\/\/accbat.eu\/fr\/wp-json\/wp\/v2\/media?parent=596"}],"curies":[{"name":"wp","href":"https:\/\/api.w.org\/{rel}","templated":true}]}}