{"id":598,"date":"2014-07-15T15:13:24","date_gmt":"2014-07-15T13:13:24","guid":{"rendered":"http:\/\/accbat.eu\/?page_id=598"},"modified":"2014-07-15T15:13:24","modified_gmt":"2014-07-15T13:13:24","slug":"activite-2","status":"publish","type":"page","link":"https:\/\/accbat.eu\/fr\/le-projet\/activite-2\/","title":{"rendered":"Activit\u00e9 2"},"content":{"rendered":"<p>Renforcement des capacit\u00e9s institutionnelles en utilisant une approche int\u00e9gr\u00e9e dans les cultures irrigu\u00e9es, par des formations sur:<\/p>\n<ul>\n<li>le pilotage d\u2019irrigation<\/li>\n<li>l&rsquo;utilisation des eaux us\u00e9es trait\u00e9es<\/li>\n<li>les Meilleures Pratiques Agricoles<\/li>\n<\/ul>\n<p>&nbsp;<\/p>\n<p><strong>R\u00e9sultats attendus: <\/strong><\/p>\n<ul>\n<li>une feuille de route pour la strat\u00e9gie de formation \u00e9labor\u00e9e<\/li>\n<li>au moins 10 modules de formation d\u00e9velopp\u00e9s sur les Meilleures Pratiques Agricoles<\/li>\n<li>180 agents de vulgarisation et techniciens de laboratoire form\u00e9s (60 \/ pays)<\/li>\n<li>une collaboration transfrontali\u00e8re sur les probl\u00e8mes des EUT renforc\u00e9e entre les trois pays<\/li>\n<\/ul>\n<p>&nbsp;<\/p>\n","protected":false},"excerpt":{"rendered":"<p>Renforcement des capacit\u00e9s institutionnelles en utilisant une approche int\u00e9gr\u00e9e dans les cultures irrigu\u00e9es, par des formations sur: le pilotage d\u2019irrigation l&rsquo;utilisation des eaux us\u00e9es trait\u00e9es&#8230;<\/p>\n","protected":false},"author":1,"featured_media":0,"parent":594,"menu_order":0,"comment_status":"closed","ping_status":"closed","template":"","meta":{"_acf_changed":false,"footnotes":""},"class_list":["post-598","page","type-page","status-publish","hentry"],"acf":[],"_links":{"self":[{"href":"https:\/\/accbat.eu\/fr\/wp-json\/wp\/v2\/pages\/598","targetHints":{"allow":["GET"]}}],"collection":[{"href":"https:\/\/accbat.eu\/fr\/wp-json\/wp\/v2\/pages"}],"about":[{"href":"https:\/\/accbat.eu\/fr\/wp-json\/wp\/v2\/types\/page"}],"author":[{"embeddable":true,"href":"https:\/\/accbat.eu\/fr\/wp-json\/wp\/v2\/users\/1"}],"replies":[{"embeddable":true,"href":"https:\/\/accbat.eu\/fr\/wp-json\/wp\/v2\/comments?post=598"}],"version-history":[{"count":1,"href":"https:\/\/accbat.eu\/fr\/wp-json\/wp\/v2\/pages\/598\/revisions"}],"predecessor-version":[{"id":599,"href":"https:\/\/accbat.eu\/fr\/wp-json\/wp\/v2\/pages\/598\/revisions\/599"}],"up":[{"embeddable":true,"href":"https:\/\/accbat.eu\/fr\/wp-json\/wp\/v2\/pages\/594"}],"wp:attachment":[{"href":"https:\/\/accbat.eu\/fr\/wp-json\/wp\/v2\/media?parent=598"}],"curies":[{"name":"wp","href":"https:\/\/api.w.org\/{rel}","templated":true}]}}