{"id":603,"date":"2014-07-15T15:14:02","date_gmt":"2014-07-15T13:14:02","guid":{"rendered":"http:\/\/accbat.eu\/?page_id=603"},"modified":"2014-07-15T15:14:02","modified_gmt":"2014-07-15T13:14:02","slug":"activite-3","status":"publish","type":"page","link":"https:\/\/accbat.eu\/fr\/le-projet\/activite-3\/","title":{"rendered":"Activit\u00e9 3"},"content":{"rendered":"<p>Am\u00e9liorer le savoir-faire des agriculteurs en mati\u00e8re de pilotage d\u2019irrigation et des meilleures pratiques agricoles<\/p>\n<ul>\n<li>la conception et le fonctionnement d&rsquo;un syst\u00e8me d&rsquo;irrigation \u00e9conome en eau,<\/li>\n<li>l&rsquo;utilisation des eaux us\u00e9es trait\u00e9es en mettant l&rsquo;accent sur les aspects qualit\u00e9 et le contenu des engrais,<\/li>\n<li>la gestion int\u00e9gr\u00e9e de la fertilisation et des ravageurs,<\/li>\n<li>les m\u00e9thodes d&rsquo;irrigation et de production sp\u00e9cifiques aux cultures,<\/li>\n<li>les aspects \u00e9cologiques de l&rsquo;agriculture.<\/li>\n<\/ul>\n<p>&nbsp;<\/p>\n<p><strong>R\u00e9sultats attendus: <\/strong><\/p>\n<ul>\n<li>au moins 10 modules de formation d\u00e9velopp\u00e9s<\/li>\n<li>90 activit\u00e9s de formation men\u00e9es (journ\u00e9es sur le terrain pour les agriculteurs, des s\u00e9minaires \/ ateliers, cours)<\/li>\n<li>1500 agriculteurs form\u00e9s (500 par pays cible)<\/li>\n<li>90 accords de coop\u00e9ration avec les associations d&rsquo;agriculteurs sign\u00e9s (30 \/ pays)<\/li>\n<\/ul>\n","protected":false},"excerpt":{"rendered":"<p>Am\u00e9liorer le savoir-faire des agriculteurs en mati\u00e8re de pilotage d\u2019irrigation et des meilleures pratiques agricoles la conception et le fonctionnement d&rsquo;un syst\u00e8me d&rsquo;irrigation \u00e9conome en&#8230;<\/p>\n","protected":false},"author":1,"featured_media":0,"parent":594,"menu_order":0,"comment_status":"closed","ping_status":"closed","template":"","meta":{"_acf_changed":false,"footnotes":""},"class_list":["post-603","page","type-page","status-publish","hentry"],"acf":[],"_links":{"self":[{"href":"https:\/\/accbat.eu\/fr\/wp-json\/wp\/v2\/pages\/603","targetHints":{"allow":["GET"]}}],"collection":[{"href":"https:\/\/accbat.eu\/fr\/wp-json\/wp\/v2\/pages"}],"about":[{"href":"https:\/\/accbat.eu\/fr\/wp-json\/wp\/v2\/types\/page"}],"author":[{"embeddable":true,"href":"https:\/\/accbat.eu\/fr\/wp-json\/wp\/v2\/users\/1"}],"replies":[{"embeddable":true,"href":"https:\/\/accbat.eu\/fr\/wp-json\/wp\/v2\/comments?post=603"}],"version-history":[{"count":1,"href":"https:\/\/accbat.eu\/fr\/wp-json\/wp\/v2\/pages\/603\/revisions"}],"predecessor-version":[{"id":604,"href":"https:\/\/accbat.eu\/fr\/wp-json\/wp\/v2\/pages\/603\/revisions\/604"}],"up":[{"embeddable":true,"href":"https:\/\/accbat.eu\/fr\/wp-json\/wp\/v2\/pages\/594"}],"wp:attachment":[{"href":"https:\/\/accbat.eu\/fr\/wp-json\/wp\/v2\/media?parent=603"}],"curies":[{"name":"wp","href":"https:\/\/api.w.org\/{rel}","templated":true}]}}