{"id":605,"date":"2014-07-15T15:14:28","date_gmt":"2014-07-15T13:14:28","guid":{"rendered":"http:\/\/accbat.eu\/?page_id=605"},"modified":"2014-07-15T15:14:28","modified_gmt":"2014-07-15T13:14:28","slug":"activite-4","status":"publish","type":"page","link":"https:\/\/accbat.eu\/fr\/le-projet\/activite-4\/","title":{"rendered":"Activit\u00e9 4"},"content":{"rendered":"<p>Renforcement de la coop\u00e9ration r\u00e9gionale et internationale entre la Tunisie, le Liban, la Jordanie et les autres pays m\u00e9diterran\u00e9ens sur l&rsquo;eau, l&rsquo;utilisation des EUT, et les questions environnementales li\u00e9es \u00e0 l&rsquo;agriculture<\/p>\n<p>Cr\u00e9ation d&rsquo;un r\u00e9seau reliant les partenaires du projet avec plusieurs intervenants travaillant dans le d\u00e9veloppement rural et l&rsquo;agriculture en mettant l&rsquo;accent sur \u200b\u200bl&rsquo;utilisation des EUT<\/p>\n<p>&nbsp;<\/p>\n<p><strong>R\u00e9sultats attendus: <\/strong><\/p>\n<ul>\n<li>3 ateliers r\u00e9gionaux organis\u00e9s<\/li>\n<li>un r\u00e9seau \u00e9tabli entre les trois pays et les institutions internationales de recherche<\/li>\n<li>Signature d\u2019un protocole d&rsquo;entente sur l&rsquo;harmonisation des lois sur l&rsquo;utilisation des EUT dans l&rsquo;agriculture entre NCARE, Minist\u00e8re de l&rsquo;agriculture libanais et Minist\u00e8re de l&rsquo;agriculture tunisien sur la base de l&rsquo;indice de qualit\u00e9 commun et partag\u00e9 des EUT<\/li>\n<\/ul>\n","protected":false},"excerpt":{"rendered":"<p>Renforcement de la coop\u00e9ration r\u00e9gionale et internationale entre la Tunisie, le Liban, la Jordanie et les autres pays m\u00e9diterran\u00e9ens sur l&rsquo;eau, l&rsquo;utilisation des EUT, et&#8230;<\/p>\n","protected":false},"author":1,"featured_media":0,"parent":594,"menu_order":0,"comment_status":"closed","ping_status":"closed","template":"","meta":{"_acf_changed":false,"footnotes":""},"class_list":["post-605","page","type-page","status-publish","hentry"],"acf":[],"_links":{"self":[{"href":"https:\/\/accbat.eu\/fr\/wp-json\/wp\/v2\/pages\/605","targetHints":{"allow":["GET"]}}],"collection":[{"href":"https:\/\/accbat.eu\/fr\/wp-json\/wp\/v2\/pages"}],"about":[{"href":"https:\/\/accbat.eu\/fr\/wp-json\/wp\/v2\/types\/page"}],"author":[{"embeddable":true,"href":"https:\/\/accbat.eu\/fr\/wp-json\/wp\/v2\/users\/1"}],"replies":[{"embeddable":true,"href":"https:\/\/accbat.eu\/fr\/wp-json\/wp\/v2\/comments?post=605"}],"version-history":[{"count":1,"href":"https:\/\/accbat.eu\/fr\/wp-json\/wp\/v2\/pages\/605\/revisions"}],"predecessor-version":[{"id":606,"href":"https:\/\/accbat.eu\/fr\/wp-json\/wp\/v2\/pages\/605\/revisions\/606"}],"up":[{"embeddable":true,"href":"https:\/\/accbat.eu\/fr\/wp-json\/wp\/v2\/pages\/594"}],"wp:attachment":[{"href":"https:\/\/accbat.eu\/fr\/wp-json\/wp\/v2\/media?parent=605"}],"curies":[{"name":"wp","href":"https:\/\/api.w.org\/{rel}","templated":true}]}}