{"id":607,"date":"2014-07-15T15:14:49","date_gmt":"2014-07-15T13:14:49","guid":{"rendered":"http:\/\/accbat.eu\/?page_id=607"},"modified":"2014-07-15T15:14:49","modified_gmt":"2014-07-15T13:14:49","slug":"activite-5","status":"publish","type":"page","link":"https:\/\/accbat.eu\/fr\/le-projet\/activite-5\/","title":{"rendered":"Activit\u00e9 5"},"content":{"rendered":"<p>Am\u00e9lioration de la sensibilisation du public \u00e0 l&rsquo;\u00e9gard de l&rsquo;\u00e9conomie d&rsquo;eau, de la r\u00e9utilisation des eaux us\u00e9es trait\u00e9es en agriculture, et l\u2019aspect environnemental<\/p>\n<ul>\n<li>cr\u00e9ation d&rsquo;un site web du projet<\/li>\n<li>pr\u00e9paration du mat\u00e9riel de diffusion li\u00e9 \u00e0 l\u2019\u00e9conomie d&rsquo;eau, \u00e0 la r\u00e9utilisation des eaux us\u00e9es trait\u00e9es, et les questions environnementales orient\u00e9es vers diff\u00e9rents groupes cibles<\/li>\n<li>invitation des acteurs de la soci\u00e9t\u00e9 civile et les d\u00e9cideurs aux \u00e9v\u00e9nements du projet (journ\u00e9es sur le terrain pour les agriculteurs, des s\u00e9minaires \/ ateliers, cours)<\/li>\n<li>pr\u00e9paration des pr\u00e9sentations et des publications issues des r\u00e9sultats du projet<\/li>\n<li>la diffusion des r\u00e9sultats du projet \u00e0 travers les m\u00e9dias \u00e9crits et audiovisuels locaux et r\u00e9gionaux<\/li>\n<li>pr\u00e9paration et distribution du rapport final \u00e0 toutes les parties int\u00e9ress\u00e9es<\/li>\n<\/ul>\n<p>&nbsp;<\/p>\n<p><strong>R\u00e9sultats attendus: <\/strong><\/p>\n<ul>\n<li>Site web du projet \u00e9tabli et mis \u00e0 jour r\u00e9guli\u00e8rement<\/li>\n<li>30 visites de terrain et des s\u00e9ances d&rsquo;information pour les \u00e9coles, les universit\u00e9s et les membres du conseil municipal sur les sites pilotes (10 \/ pays)<\/li>\n<li>3.000 copies de brochures distribu\u00e9es<\/li>\n<li>300 exemplaires de rapport final du projet publi\u00e9s et livr\u00e9s<\/li>\n<li>acceptation de l&rsquo;utilisation des eaux us\u00e9es trait\u00e9es dans l&rsquo;agriculture par le grand public<\/li>\n<\/ul>\n","protected":false},"excerpt":{"rendered":"<p>Am\u00e9lioration de la sensibilisation du public \u00e0 l&rsquo;\u00e9gard de l&rsquo;\u00e9conomie d&rsquo;eau, de la r\u00e9utilisation des eaux us\u00e9es trait\u00e9es en agriculture, et l\u2019aspect environnemental cr\u00e9ation d&rsquo;un&#8230;<\/p>\n","protected":false},"author":1,"featured_media":0,"parent":594,"menu_order":0,"comment_status":"closed","ping_status":"closed","template":"","meta":{"_acf_changed":false,"footnotes":""},"class_list":["post-607","page","type-page","status-publish","hentry"],"acf":[],"_links":{"self":[{"href":"https:\/\/accbat.eu\/fr\/wp-json\/wp\/v2\/pages\/607","targetHints":{"allow":["GET"]}}],"collection":[{"href":"https:\/\/accbat.eu\/fr\/wp-json\/wp\/v2\/pages"}],"about":[{"href":"https:\/\/accbat.eu\/fr\/wp-json\/wp\/v2\/types\/page"}],"author":[{"embeddable":true,"href":"https:\/\/accbat.eu\/fr\/wp-json\/wp\/v2\/users\/1"}],"replies":[{"embeddable":true,"href":"https:\/\/accbat.eu\/fr\/wp-json\/wp\/v2\/comments?post=607"}],"version-history":[{"count":1,"href":"https:\/\/accbat.eu\/fr\/wp-json\/wp\/v2\/pages\/607\/revisions"}],"predecessor-version":[{"id":608,"href":"https:\/\/accbat.eu\/fr\/wp-json\/wp\/v2\/pages\/607\/revisions\/608"}],"up":[{"embeddable":true,"href":"https:\/\/accbat.eu\/fr\/wp-json\/wp\/v2\/pages\/594"}],"wp:attachment":[{"href":"https:\/\/accbat.eu\/fr\/wp-json\/wp\/v2\/media?parent=607"}],"curies":[{"name":"wp","href":"https:\/\/api.w.org\/{rel}","templated":true}]}}