{"id":611,"date":"2014-07-15T15:16:19","date_gmt":"2014-07-15T13:16:19","guid":{"rendered":"http:\/\/accbat.eu\/?page_id=611"},"modified":"2014-07-15T15:16:19","modified_gmt":"2014-07-15T13:16:19","slug":"icu","status":"publish","type":"page","link":"https:\/\/accbat.eu\/fr\/lequipe\/icu\/","title":{"rendered":"ICU"},"content":{"rendered":"<p>ICU &#8211; Institut pour la Coop\u00e9ration Universitaire ONLUS est une organisation non-gouvernementale (ONG), reconnu par le gouvernement italien et l&rsquo;Union europ\u00e9enne, qui op\u00e8re dans les domaines de la coop\u00e9ration universitaire, l&rsquo;\u00e9ducation et la formation professionnelle, l&rsquo;assainissement et la sant\u00e9, le d\u00e9veloppement rural, la promotion des femmes, le d\u00e9veloppement social et les situations d&rsquo;urgence.<\/p>\n<p>ICU a \u00e9t\u00e9 cr\u00e9\u00e9 en 1966 par des professeurs d&rsquo;universit\u00e9 italiens dont le but \u00e9tait de soutenir la croissance de la Culture et des Sciences mises au service de l&rsquo;humanit\u00e9. Pour atteindre son but, les objectifs de l&rsquo;ICU est de promouvoir des mesures et de mener des initiatives visant \u00e0:<\/p>\n<ul>\n<li>Soutien humain et croissance sociale dans les pays en voie de d\u00e9veloppement \u00e0 travers des projets de coop\u00e9ration au d\u00e9veloppement avec un accent particulier sur la formation des ressources humaines locales.<\/li>\n<li>Diffuser l&rsquo;id\u00e9e d&rsquo;un d\u00e9veloppement de la culture de la coop\u00e9ration destin\u00e9 \u00e0 la promotion de la dignit\u00e9 humaine.<\/li>\n<\/ul>\n<p>Depuis sa fondation, l&rsquo;ICU a r\u00e9alis\u00e9 environ 400 projets, dans 35 pays d&rsquo;Am\u00e9rique latine, d&rsquo;Afrique, du bassin m\u00e9diterran\u00e9en et du Proche-Orient, Europe de l&rsquo;Est, l&rsquo;Asie et le Pacifique. Actuellement, il g\u00e8re environ 20 projets.<\/p>\n<p>La structure ICU est d\u00e9centralis\u00e9e afin d&rsquo;avoir une pr\u00e9sence forte sur le terrain. Le si\u00e8ge de l&rsquo;ICU est \u00e0 Rome (Italie) et des branches de l&rsquo;ICU sont actuellement au Liban, Jordanie, Tunisie, Syrie (suspendu), Mauritanie, RD Congo, Guatemala, P\u00e9rou, Bolivie.<\/p>\n<p>L&rsquo;ICU est un partenaire de l&rsquo;ECHO &#8211; l&rsquo;Office humanitaire de la Communaut\u00e9 europ\u00e9enne &#8211; dans la gestion des projets d&rsquo;urgence. Il est \u00e9galement membre du conseil d&rsquo;administration de READI (Red Euro-Arabe de para el Desarrollo ONG y la Integraci\u00f3n).<\/p>\n<p>ICU coop\u00e8re avec et il est subventionn\u00e9 par le minist\u00e8re italien des Affaires \u00e9trang\u00e8res et diff\u00e9rentes autorit\u00e9s locales en Italie et par des particuliers.<\/p>\n<p>ICU travaille en \u00e9troite collaboration avec les partenaires locaux (souvent les gouvernements centraux et locaux, ainsi que les entit\u00e9s locales), la mise en \u0153uvre conjointe des activit\u00e9s de projet (renforcement des capacit\u00e9s institutionnelles et activit\u00e9s sur le terrain).<\/p>\n<p>L&rsquo;\u00e9troite collaboration avec les partenaires locaux permet une attention particuli\u00e8re sur \u200b\u200bla durabilit\u00e9 apr\u00e8s la fin du projet: par exemple, l&rsquo;universit\u00e9 de Piura (P\u00e9rou), qui a d\u00e9marr\u00e9 au d\u00e9but des ann\u00e9es 1970, est maintenant la r\u00e9f\u00e9rence dans le pays, le centre hospitalier Monkol\u00e9 (RD Congo) a atteint la durabilit\u00e9 op\u00e9rationnelle et financi\u00e8re apr\u00e8s 6\/7 ans depuis le commencement (1994) et il est maintenant en expansion (40 \u00e0 150 lits en 2014).<\/p>\n","protected":false},"excerpt":{"rendered":"<p>ICU &#8211; Institut pour la Coop\u00e9ration Universitaire ONLUS est une organisation non-gouvernementale (ONG), reconnu par le gouvernement italien et l&rsquo;Union europ\u00e9enne, qui op\u00e8re dans les&#8230;<\/p>\n","protected":false},"author":1,"featured_media":0,"parent":609,"menu_order":0,"comment_status":"closed","ping_status":"closed","template":"","meta":{"_acf_changed":false,"footnotes":""},"class_list":["post-611","page","type-page","status-publish","hentry"],"acf":[],"_links":{"self":[{"href":"https:\/\/accbat.eu\/fr\/wp-json\/wp\/v2\/pages\/611","targetHints":{"allow":["GET"]}}],"collection":[{"href":"https:\/\/accbat.eu\/fr\/wp-json\/wp\/v2\/pages"}],"about":[{"href":"https:\/\/accbat.eu\/fr\/wp-json\/wp\/v2\/types\/page"}],"author":[{"embeddable":true,"href":"https:\/\/accbat.eu\/fr\/wp-json\/wp\/v2\/users\/1"}],"replies":[{"embeddable":true,"href":"https:\/\/accbat.eu\/fr\/wp-json\/wp\/v2\/comments?post=611"}],"version-history":[{"count":1,"href":"https:\/\/accbat.eu\/fr\/wp-json\/wp\/v2\/pages\/611\/revisions"}],"predecessor-version":[{"id":614,"href":"https:\/\/accbat.eu\/fr\/wp-json\/wp\/v2\/pages\/611\/revisions\/614"}],"up":[{"embeddable":true,"href":"https:\/\/accbat.eu\/fr\/wp-json\/wp\/v2\/pages\/609"}],"wp:attachment":[{"href":"https:\/\/accbat.eu\/fr\/wp-json\/wp\/v2\/media?parent=611"}],"curies":[{"name":"wp","href":"https:\/\/api.w.org\/{rel}","templated":true}]}}