{"id":612,"date":"2014-07-15T15:16:38","date_gmt":"2014-07-15T13:16:38","guid":{"rendered":"http:\/\/accbat.eu\/?page_id=612"},"modified":"2014-07-15T15:16:38","modified_gmt":"2014-07-15T13:16:38","slug":"moa-liban","status":"publish","type":"page","link":"https:\/\/accbat.eu\/fr\/lequipe\/moa-liban\/","title":{"rendered":"MoA, Liban"},"content":{"rendered":"<p>Au Liban, le Minist\u00e8re de l\u2019Agriculture est l&rsquo;institution en charge de la planification et de la conduite de la vulgarisation agricole \u00e0 l&rsquo;\u00e9chelle nationale, avec la responsabilit\u00e9 de garantir la durabilit\u00e9 et la diffusion des technologies innovantes, et des solutions et conduction des actions de formation sur une plus grande \u00e9chelle. En outre, le minist\u00e8re de l&rsquo;Agriculture est l&rsquo;institution qui d\u00e9veloppe et met en \u0153uvre les Plans Directeurs de l&rsquo;Agriculture Nationale (PDAN) et d\u00e9finit les politiques dans un contexte national. Le Minist\u00e8re de l&rsquo;agriculture a inclus les questions de l&rsquo;efficience de l&rsquo;utilisation de l&rsquo;eau et l&rsquo;utilisation accrue des eaux us\u00e9es trait\u00e9es pour l&rsquo;irrigation agricole \u00e0 long terme PDAN et a la capacit\u00e9 de mettre en \u0153uvre des mesures recommand\u00e9es en fonction des r\u00e9sultats du projet \u00e0 plus grande \u00e9chelle apr\u00e8s la fin du projet. Le partenaire est reconnue par les agriculteurs dans les zones cibles, peut s&rsquo;appuyer sur son exp\u00e9rience et ses capacit\u00e9s \u00e0 mobiliser les groupes cibles et les autres parties prenantes nationales, et a la capacit\u00e9 de diffuser les r\u00e9sultats du projet. Il a le mandat l\u00e9gal, l&rsquo;expertise technique et les ressources humaines pour garantir la r\u00e9ussite du projet et la durabilit\u00e9.<\/p>\n","protected":false},"excerpt":{"rendered":"<p>Au Liban, le Minist\u00e8re de l\u2019Agriculture est l&rsquo;institution en charge de la planification et de la conduite de la vulgarisation agricole \u00e0 l&rsquo;\u00e9chelle nationale, avec&#8230;<\/p>\n","protected":false},"author":1,"featured_media":0,"parent":609,"menu_order":0,"comment_status":"closed","ping_status":"closed","template":"","meta":{"_acf_changed":false,"footnotes":""},"class_list":["post-612","page","type-page","status-publish","hentry"],"acf":[],"_links":{"self":[{"href":"https:\/\/accbat.eu\/fr\/wp-json\/wp\/v2\/pages\/612","targetHints":{"allow":["GET"]}}],"collection":[{"href":"https:\/\/accbat.eu\/fr\/wp-json\/wp\/v2\/pages"}],"about":[{"href":"https:\/\/accbat.eu\/fr\/wp-json\/wp\/v2\/types\/page"}],"author":[{"embeddable":true,"href":"https:\/\/accbat.eu\/fr\/wp-json\/wp\/v2\/users\/1"}],"replies":[{"embeddable":true,"href":"https:\/\/accbat.eu\/fr\/wp-json\/wp\/v2\/comments?post=612"}],"version-history":[{"count":1,"href":"https:\/\/accbat.eu\/fr\/wp-json\/wp\/v2\/pages\/612\/revisions"}],"predecessor-version":[{"id":615,"href":"https:\/\/accbat.eu\/fr\/wp-json\/wp\/v2\/pages\/612\/revisions\/615"}],"up":[{"embeddable":true,"href":"https:\/\/accbat.eu\/fr\/wp-json\/wp\/v2\/pages\/609"}],"wp:attachment":[{"href":"https:\/\/accbat.eu\/fr\/wp-json\/wp\/v2\/media?parent=612"}],"curies":[{"name":"wp","href":"https:\/\/api.w.org\/{rel}","templated":true}]}}