{"id":616,"date":"2014-07-15T15:17:19","date_gmt":"2014-07-15T13:17:19","guid":{"rendered":"http:\/\/accbat.eu\/?page_id=616"},"modified":"2014-07-15T15:17:19","modified_gmt":"2014-07-15T13:17:19","slug":"ncare-jordanie","status":"publish","type":"page","link":"https:\/\/accbat.eu\/fr\/lequipe\/ncare-jordanie\/","title":{"rendered":"NCARE \u2013 Jordanie"},"content":{"rendered":"<p>Le Centre National de Recherche et de Vulgarisation Agricole (NCARE) est une institution semi-autonome et un centre de recherche et de vulgarisation en Jordanie.<\/p>\n<p>Il abrite la plupart de la recherche agricole, les projets et les activit\u00e9s de vulgarisation.<\/p>\n<p>NCARE est le pilier de soutien pour le secteur agricole pour assurer la durabilit\u00e9, prot\u00e9ger l&rsquo;environnement et assurer la s\u00e9curit\u00e9 alimentaire.<\/p>\n<p><strong>D\u00e9partements de recherche et les unit\u00e9s sont:<\/strong><\/p>\n<ul>\n<li>Recherche en horticulture agricole<\/li>\n<li>Recherche en protection des plants<\/li>\n<li>Recherche sur le sol, l&rsquo;eau et l&rsquo;environnement<\/li>\n<li>Recherche en l&rsquo;\u00e9levage, p\u00e2turage et en sylviculture<\/li>\n<li>Recherche et \u00e9tudes socio-\u00e9conomiques<\/li>\n<li>Recherche sur l&rsquo;apiculture<\/li>\n<li>Recherche sur la biodiversit\u00e9, les ressources g\u00e9n\u00e9tiques et les plantes herbac\u00e9es m\u00e9dicinales<\/li>\n<li>Recherche sur les grandes cultures<\/li>\n<li>Recherche sur l&rsquo;olivier<\/li>\n<li>Unit\u00e9 de biotechnologie<\/li>\n<li>Unit\u00e9 de surveillance de la s\u00e9cheresse<\/li>\n<li>Direction des laboratoires<\/li>\n<li>Unit\u00e9 de syst\u00e8me d&rsquo;information g\u00e9ographique<\/li>\n<li>Unit\u00e9 de technologie des semences<\/li>\n<li>Unit\u00e9 de la protection des droits de la propri\u00e9t\u00e9 intellectuelle<\/li>\n<li>Biblioth\u00e8que nationale<\/li>\n<\/ul>\n<p><strong>\u00a0<\/strong><\/p>\n<p><strong>Directions de vulgarisation: <\/strong><\/p>\n<ul>\n<li>Les programmes de vulgarisation<\/li>\n<li>Gestion de l&rsquo;information et des exploitations agricoles<\/li>\n<li>Formation<\/li>\n<\/ul>\n<p>Sensibilisation et m\u00e9dias de masse<\/p>\n","protected":false},"excerpt":{"rendered":"<p>Le Centre National de Recherche et de Vulgarisation Agricole (NCARE) est une institution semi-autonome et un centre de recherche et de vulgarisation en Jordanie. Il&#8230;<\/p>\n","protected":false},"author":1,"featured_media":0,"parent":609,"menu_order":0,"comment_status":"closed","ping_status":"closed","template":"","meta":{"_acf_changed":false,"footnotes":""},"class_list":["post-616","page","type-page","status-publish","hentry"],"acf":[],"_links":{"self":[{"href":"https:\/\/accbat.eu\/fr\/wp-json\/wp\/v2\/pages\/616","targetHints":{"allow":["GET"]}}],"collection":[{"href":"https:\/\/accbat.eu\/fr\/wp-json\/wp\/v2\/pages"}],"about":[{"href":"https:\/\/accbat.eu\/fr\/wp-json\/wp\/v2\/types\/page"}],"author":[{"embeddable":true,"href":"https:\/\/accbat.eu\/fr\/wp-json\/wp\/v2\/users\/1"}],"replies":[{"embeddable":true,"href":"https:\/\/accbat.eu\/fr\/wp-json\/wp\/v2\/comments?post=616"}],"version-history":[{"count":1,"href":"https:\/\/accbat.eu\/fr\/wp-json\/wp\/v2\/pages\/616\/revisions"}],"predecessor-version":[{"id":617,"href":"https:\/\/accbat.eu\/fr\/wp-json\/wp\/v2\/pages\/616\/revisions\/617"}],"up":[{"embeddable":true,"href":"https:\/\/accbat.eu\/fr\/wp-json\/wp\/v2\/pages\/609"}],"wp:attachment":[{"href":"https:\/\/accbat.eu\/fr\/wp-json\/wp\/v2\/media?parent=616"}],"curies":[{"name":"wp","href":"https:\/\/api.w.org\/{rel}","templated":true}]}}