{"id":618,"date":"2014-07-15T15:17:57","date_gmt":"2014-07-15T13:17:57","guid":{"rendered":"http:\/\/accbat.eu\/?page_id=618"},"modified":"2014-07-15T15:17:57","modified_gmt":"2014-07-15T13:17:57","slug":"moa-tunisie-dg-gree","status":"publish","type":"page","link":"https:\/\/accbat.eu\/fr\/lequipe\/moa-tunisie-dg-gree\/","title":{"rendered":"MoA Tunisie: DG GREE"},"content":{"rendered":"<p><strong>Minist\u00e8re de Agriculture &#8211; Direction G\u00e9n\u00e9rale de G\u00e9nie Rural et de l\u2019Exploitation des Eaux<\/strong><\/p>\n<p>En Tunisie, le partenaire DG GRRE est l&rsquo;un des d\u00e9partements du minist\u00e8re qui a le mandat de fournir des services de vulgarisation agricole et de formation li\u00e9e \u00e0 l&rsquo;irrigation agricole aux agriculteurs \u00e0 l&rsquo;\u00e9chelle nationale, ainsi que la diffusion de technologies agricoles innovantes et des solutions.<\/p>\n<p>La DG GREE est \u00e9galement impliqu\u00e9 dans ce domaine d&rsquo;un point de vue l\u00e9gislatif, \u00e9tant l&rsquo;institution nationale habilit\u00e9e \u00e0 pr\u00e9parer et proposer des lois et r\u00e8glementations relatives \u00e0 la promotion et au d\u00e9veloppement du secteur agricole et l&rsquo;utilisation des ressources hydrauliques conventionnelles et non conventionnelles. La DG GREE est d\u00e9j\u00e0 responsable de la gestion des grands p\u00e9rim\u00e8tres irrigu\u00e9s avec les eaux us\u00e9es trait\u00e9es EUT et apportera son exp\u00e9rience dans ce secteur au projet.<\/p>\n<p>&nbsp;<\/p>\n<p>De mani\u00e8re plus approfondie la DG GREE a les fonctions suivantes:<\/p>\n<ul>\n<li>L&rsquo;analyse et l&rsquo;am\u00e9lioration des politiques \u00e0 mettre en \u0153uvre dans le domaine de l&rsquo;utilisation de l&rsquo;eau (l&rsquo;utilisation rationnelle de l&rsquo;eau, la pr\u00e9servation des ressources existantes et potentielles de l&rsquo;eau, le recouvrement des co\u00fbts, l&rsquo;autonomisation des utilisateurs &#8230;)<\/li>\n<li>Pr\u00e9paration et proposition des lois et r\u00e8glements (avec d&rsquo;autres partenaires), relatifs \u00e0 la promotion et au d\u00e9veloppement de l&rsquo;utilisation des ressources en eau conventionnelles et non-conventionnelles<\/li>\n<li>Planification, \u00e9tude et mise en \u0153uvre de l&rsquo;utilisation des ressources en eau en irrigation ou en eau potable dans les zones rurales des projets<\/li>\n<li>Gestion des p\u00e9rim\u00e8tres irrigu\u00e9s avec l&rsquo;eau conventionnelle et les eaux us\u00e9es trait\u00e9es (EUT)<\/li>\n<li>Suivi et contr\u00f4le des \u00e9tudes et la gestion des projets mis en \u0153uvre au niveau r\u00e9gional par 24 CRDA<\/li>\n<li>Pr\u00e9paration du contenu du mat\u00e9riel m\u00e9diatique de sensibilisation et d&rsquo;\u00e9ducation<\/li>\n<li>La formation et l&rsquo;\u00e9ducation des techniciens et des agriculteurs \u00e0 rationaliser l&rsquo;utilisation et la gestion de l&rsquo;eau<\/li>\n<li>Introduction de technologies agricoles et des solutions innovantes<\/li>\n<li>Promotion des associations d&rsquo;utilisateurs de l&rsquo;eau<\/li>\n<li>Programmation et suivi des actions d&rsquo;\u00e9valuation relatifs \u00e0 l&rsquo;infrastructure de l&rsquo;eau et \u00e9quipements mis en \u0153uvre dans les zones rurales<\/li>\n<li>Tarification de l&rsquo;eau<\/li>\n<li>DGGREE et ses services li\u00e9s au niveau r\u00e9gional sont reconnus par les agriculteurs dans toutes les zones cibles, il a de l&rsquo;exp\u00e9rience et de la capacit\u00e9 \u00e0 mobiliser les groupes cibles et les autres parties prenantes nationales.<\/li>\n<\/ul>\n","protected":false},"excerpt":{"rendered":"<p>Minist\u00e8re de Agriculture &#8211; Direction G\u00e9n\u00e9rale de G\u00e9nie Rural et de l\u2019Exploitation des Eaux En Tunisie, le partenaire DG GRRE est l&rsquo;un des d\u00e9partements du&#8230;<\/p>\n","protected":false},"author":1,"featured_media":0,"parent":609,"menu_order":0,"comment_status":"closed","ping_status":"closed","template":"","meta":{"_acf_changed":false,"footnotes":""},"class_list":["post-618","page","type-page","status-publish","hentry"],"acf":[],"_links":{"self":[{"href":"https:\/\/accbat.eu\/fr\/wp-json\/wp\/v2\/pages\/618","targetHints":{"allow":["GET"]}}],"collection":[{"href":"https:\/\/accbat.eu\/fr\/wp-json\/wp\/v2\/pages"}],"about":[{"href":"https:\/\/accbat.eu\/fr\/wp-json\/wp\/v2\/types\/page"}],"author":[{"embeddable":true,"href":"https:\/\/accbat.eu\/fr\/wp-json\/wp\/v2\/users\/1"}],"replies":[{"embeddable":true,"href":"https:\/\/accbat.eu\/fr\/wp-json\/wp\/v2\/comments?post=618"}],"version-history":[{"count":1,"href":"https:\/\/accbat.eu\/fr\/wp-json\/wp\/v2\/pages\/618\/revisions"}],"predecessor-version":[{"id":619,"href":"https:\/\/accbat.eu\/fr\/wp-json\/wp\/v2\/pages\/618\/revisions\/619"}],"up":[{"embeddable":true,"href":"https:\/\/accbat.eu\/fr\/wp-json\/wp\/v2\/pages\/609"}],"wp:attachment":[{"href":"https:\/\/accbat.eu\/fr\/wp-json\/wp\/v2\/media?parent=618"}],"curies":[{"name":"wp","href":"https:\/\/api.w.org\/{rel}","templated":true}]}}