{"id":620,"date":"2014-07-15T15:20:54","date_gmt":"2014-07-15T13:20:54","guid":{"rendered":"http:\/\/accbat.eu\/?page_id=620"},"modified":"2014-07-15T15:20:54","modified_gmt":"2014-07-15T13:20:54","slug":"autorite-du-bassin-du-fleuve-po","status":"publish","type":"page","link":"https:\/\/accbat.eu\/fr\/lequipe\/autorite-du-bassin-du-fleuve-po\/","title":{"rendered":"Autorit\u00e9 du Bassin du fleuve Po"},"content":{"rendered":"<p>Le fleuve Po est le plus long fleuve italien, et son bassin hydrographique est le plus grand. Le bassin du Po est le foyer de quelques 17 millions de personnes (2008), et s&rsquo;\u00e9tend sur 24% du territoire de l&rsquo;Italie. Les r\u00e9gions du Pi\u00e9mont, Vall\u00e9e d&rsquo;Aoste, Ligurie, Lombardie, V\u00e9n\u00e9tie, Emilie Romagne et de la Toscane se trouvent partiellement ou totalement \u00e0 l&rsquo;int\u00e9rieur, comme le fait la province autonome de Trente.<\/p>\n<p>En 1989, la loi 183 a cr\u00e9\u00e9 le bassin de la rivi\u00e8re comme unit\u00e9 de base au sein de laquelle toutes les mesures r\u00e9glementaires relatives \u00e0 la gestion des ressources en eau, la lutte contre la pollution de l&rsquo;eau et la protection des sols doivent \u00eatre coordonn\u00e9s pour le d\u00e9veloppement \u00e9conomique et social et la protection de l&rsquo;environnement. La loi a \u00e9galement \u00e9tabli les principales autorit\u00e9s des bassins et leur a confi\u00e9 des responsabilit\u00e9s de planification.<\/p>\n<p>Autorit\u00e9 du Bassin du fleuve Po a \u00e9t\u00e9 ainsi cr\u00e9\u00e9e, avec cinq autres autorit\u00e9s nationales des bassins hydrographiques, en 1990, apr\u00e8s la publication de la loi 183\/1989.<\/p>\n<p>Les autorit\u00e9s nationales du bassin du fleuve, dont les membres comprennent des repr\u00e9sentants des administrations centrales et r\u00e9gionales (7 + 1 Province dans le bassin du Po), ont pour r\u00f4le principal la pr\u00e9paration de plans de bassin, qui visent \u00e0:<\/p>\n<ul>\n<li>prot\u00e9ger les ressources en eau,<\/li>\n<li>att\u00e9nuer les risques hydrog\u00e9ologiques (tels que les inondations, les glissements de terrain et l&rsquo;\u00e9rosion, y compris celle des bords des rivi\u00e8res) et<\/li>\n<li>\u00a0promouvoir l&rsquo;utilisation durable des ressources en eau d&rsquo;une mani\u00e8re respectueuse de l&rsquo;environnement.<\/li>\n<li>\u00a0r\u00e8gle l&rsquo;utilisation des terres pour s&rsquo;assurer que les objectifs mentionn\u00e9s ci-dessus sont remplies.<\/li>\n<\/ul>\n<p><strong>\u00a0<\/strong><\/p>\n<p><strong>Principales activit\u00e9s de l&rsquo;Autorit\u00e9 du Bassin du Po:<\/strong><\/p>\n<p><strong>Activit\u00e9s de renforcement des connaissances<\/strong><\/p>\n<ul>\n<li>Collecte de donn\u00e9es territoriales et socio-\u00e9conomiques, la gestion et la diffusion;<\/li>\n<li>Caract\u00e9ristiques typiques de l&rsquo;environnement et l&rsquo;analyse des conditions des risques;<\/li>\n<li>Production de cartographie;<\/li>\n<li>Suivi environnemental;<\/li>\n<li>Analyse co\u00fbts-b\u00e9n\u00e9fices sur les interventions r\u00e9alis\u00e9es<\/li>\n<\/ul>\n<p><strong>Les activit\u00e9s de planification<\/strong><\/p>\n<ul>\n<li>Modification du plan de bassin;<\/li>\n<li>apr\u00e8s l&rsquo;entr\u00e9e en vigueur de la directive cadre sur l&rsquo;eau de l&rsquo;UE, modification des plans\u00a0de\u00a0gestion du district hydrographique (PGDH)<\/li>\n<li>apr\u00e8s l&rsquo;entr\u00e9e en vigueur de la directive de l&rsquo;UE contre les inondations, la modification du plan d&rsquo;att\u00e9nuation des risques d&rsquo;inondation (c&rsquo;\u00e9tait un plan d\u00e9j\u00e0 pr\u00e9vu dans le contenu du plan de bassin)<\/li>\n<\/ul>\n<p><strong>Programmation des activit\u00e9s dans le cadre du plan de bassin<\/strong><\/p>\n<ul>\n<li>Coordination de la planification r\u00e9gionale et la gestion des ressources en eau \u2013 cette activit\u00e9 a pris de plus en plus d&rsquo;importance au cours des dix derni\u00e8res ann\u00e9es, suite \u00e0 l&rsquo;\u00e9volution de la l\u00e9gislation italienne<\/li>\n<\/ul>\n<p>Le pays m\u00e9diterran\u00e9en de l&rsquo;UE partenaire ADBPO a un r\u00f4le compl\u00e9mentaire \u00e0 l&rsquo;expertise des autres partenaires, en particulier dans les domaines de la gestion de l&rsquo;eau et l&rsquo;utilisation des eaux us\u00e9es trait\u00e9es pour l&rsquo;irrigation agricole.<br \/>\nL\u2019Autorit\u00e9 du bassin du fleuve Po a mis des objectifs strat\u00e9giques concernant les exigences de qualit\u00e9 des eaux us\u00e9es trait\u00e9es utilis\u00e9es en agriculture dans son domaine mandat qui a \u00e9t\u00e9 incorpor\u00e9 dans les plans r\u00e9gionaux de protection des eaux, et met en \u0153uvre l&rsquo;utilisation des indices sur l&rsquo;exploitation de l&rsquo;eau \u00e0 fin d&rsquo;orienter les politiques de l&rsquo;eau vers une meilleure durabilit\u00e9 des usages de l&rsquo;eau \u00e0 long terme et d&rsquo;\u00e9valuer les impacts r\u00e9els des politiques \u00e0 long terme, par simulation de la disponibilit\u00e9 des ressources en eau estim\u00e9e avec des sc\u00e9narios de changement climatique.<\/p>\n","protected":false},"excerpt":{"rendered":"<p>Le fleuve Po est le plus long fleuve italien, et son bassin hydrographique est le plus grand. Le bassin du Po est le foyer de&#8230;<\/p>\n","protected":false},"author":1,"featured_media":0,"parent":609,"menu_order":0,"comment_status":"closed","ping_status":"closed","template":"","meta":{"_acf_changed":false,"footnotes":""},"class_list":["post-620","page","type-page","status-publish","hentry"],"acf":[],"_links":{"self":[{"href":"https:\/\/accbat.eu\/fr\/wp-json\/wp\/v2\/pages\/620","targetHints":{"allow":["GET"]}}],"collection":[{"href":"https:\/\/accbat.eu\/fr\/wp-json\/wp\/v2\/pages"}],"about":[{"href":"https:\/\/accbat.eu\/fr\/wp-json\/wp\/v2\/types\/page"}],"author":[{"embeddable":true,"href":"https:\/\/accbat.eu\/fr\/wp-json\/wp\/v2\/users\/1"}],"replies":[{"embeddable":true,"href":"https:\/\/accbat.eu\/fr\/wp-json\/wp\/v2\/comments?post=620"}],"version-history":[{"count":1,"href":"https:\/\/accbat.eu\/fr\/wp-json\/wp\/v2\/pages\/620\/revisions"}],"predecessor-version":[{"id":621,"href":"https:\/\/accbat.eu\/fr\/wp-json\/wp\/v2\/pages\/620\/revisions\/621"}],"up":[{"embeddable":true,"href":"https:\/\/accbat.eu\/fr\/wp-json\/wp\/v2\/pages\/609"}],"wp:attachment":[{"href":"https:\/\/accbat.eu\/fr\/wp-json\/wp\/v2\/media?parent=620"}],"curies":[{"name":"wp","href":"https:\/\/api.w.org\/{rel}","templated":true}]}}