{"id":714,"date":"2014-07-30T15:11:37","date_gmt":"2014-07-30T13:11:37","guid":{"rendered":"http:\/\/accbat.eu\/?page_id=714"},"modified":"2014-07-30T15:11:37","modified_gmt":"2014-07-30T13:11:37","slug":"programme-ievp-ctmed","status":"publish","type":"page","link":"https:\/\/accbat.eu\/fr\/programme-ievp-ctmed\/","title":{"rendered":"Programme IEVP-CTMED"},"content":{"rendered":"<p>Le Programme multilat\u00e9ral de coop\u00e9ration transfrontali\u00e8re \u00ab\u00a0Bassin Maritime M\u00e9diterran\u00e9e\u00a0\u00bb fait partie de la nouvelle Politique Europ\u00e9enne de Voisinage et de son instrument financier (IEVP) pour la p\u00e9riode 2007-2013: il inclut les r\u00e9gions de l&rsquo;UE et celles des pays partenaires situ\u00e9es le long des c\u00f4tes de la mer M\u00e9diterran\u00e9e.<\/p>\n<p>La gestion du Programme est assur\u00e9e par des structures conjointes, \u00e0 savoir: le Comit\u00e9 de Suivi Conjoint, le Comit\u00e9 de S\u00e9lection des Projets, l\u2019Autorit\u00e9 de Gestion Commune, le Secr\u00e9tariat Technique Conjoint et deux Antennes respectivement bas\u00e9es \u00e0 Valence (Espagne) et Aqaba (Jordanie).<\/p>\n<p>Les principaux documents de r\u00e9f\u00e9rence du Programme comprennent notamment le Programme Op\u00e9rationnel Conjoint, le R\u00e8glement IEVP et ses r\u00e8gles d&rsquo;application, le Document de Strat\u00e9gie pour les programmes IEVP CT, et le Guide Pratique pour les actions externes de la Commission europ\u00e9enne (PRAG).<\/p>\n<hr \/>\n<p>&nbsp;<\/p>\n<p><a title=\"Visit programme site\" href=\"www.enpicbcmed.eu\/fr\" target=\"_blank\">Programme IEVP-CTMED<\/a><\/p>\n","protected":false},"excerpt":{"rendered":"<p>Le Programme multilat\u00e9ral de coop\u00e9ration transfrontali\u00e8re \u00ab\u00a0Bassin Maritime M\u00e9diterran\u00e9e\u00a0\u00bb fait partie de la nouvelle Politique Europ\u00e9enne de Voisinage et de son instrument financier (IEVP) pour&#8230;<\/p>\n","protected":false},"author":1,"featured_media":0,"parent":0,"menu_order":0,"comment_status":"closed","ping_status":"closed","template":"","meta":{"_acf_changed":false,"footnotes":""},"class_list":["post-714","page","type-page","status-publish","hentry"],"acf":[],"_links":{"self":[{"href":"https:\/\/accbat.eu\/fr\/wp-json\/wp\/v2\/pages\/714","targetHints":{"allow":["GET"]}}],"collection":[{"href":"https:\/\/accbat.eu\/fr\/wp-json\/wp\/v2\/pages"}],"about":[{"href":"https:\/\/accbat.eu\/fr\/wp-json\/wp\/v2\/types\/page"}],"author":[{"embeddable":true,"href":"https:\/\/accbat.eu\/fr\/wp-json\/wp\/v2\/users\/1"}],"replies":[{"embeddable":true,"href":"https:\/\/accbat.eu\/fr\/wp-json\/wp\/v2\/comments?post=714"}],"version-history":[{"count":1,"href":"https:\/\/accbat.eu\/fr\/wp-json\/wp\/v2\/pages\/714\/revisions"}],"predecessor-version":[{"id":715,"href":"https:\/\/accbat.eu\/fr\/wp-json\/wp\/v2\/pages\/714\/revisions\/715"}],"wp:attachment":[{"href":"https:\/\/accbat.eu\/fr\/wp-json\/wp\/v2\/media?parent=714"}],"curies":[{"name":"wp","href":"https:\/\/api.w.org\/{rel}","templated":true}]}}